{"id":535,"date":"2024-12-01T14:43:35","date_gmt":"2024-12-01T13:43:35","guid":{"rendered":"https:\/\/ozlemsel.com\/?page_id=535"},"modified":"2024-12-01T17:18:54","modified_gmt":"2024-12-01T16:18:54","slug":"2024-2","status":"publish","type":"page","link":"https:\/\/ozlemsel.com\/index.php\/2024-2\/","title":{"rendered":"2024"},"content":{"rendered":"\n<p><\/p>\n\n\n\n<p><strong>P84) <\/strong>E Bendadesse, P Lemaire, P Travers, JM Tarascon, <strong>O Sel<\/strong>, \u00ab\u00a0<a href=\"https:\/\/onlinelibrary.wiley.com\/doi\/abs\/10.1002\/smtd.202400472\" target=\"_blank\" rel=\"noreferrer noopener\">Accurate Internal Monitoring of Batteries by Embedded Piezoelectric Sensor<\/a><a href=\"https:\/\/scholar.google.com\/citations?view_op=view_citation&amp;hl=fr&amp;user=npVJv2wAAAAJ&amp;sortby=pubdate&amp;citation_for_view=npVJv2wAAAAJ:q3oQSFYPqjQC\">s<\/a>\u00a0\u00bb <strong>Small Methods 2024<\/strong>, 2400472<\/p>\n\n\n\n<p><strong>P83)<\/strong> A Singh, L Ouassi, K Allemang, JF Lemineur, <strong>O Sel<\/strong>, F Kanoufi \u00ab\u00a0<a href=\"https:\/\/www.sciencedirect.com\/science\/article\/pii\/S0378775324015374\" target=\"_blank\" rel=\"noreferrer noopener\">Unlocking self-discharge: Unveiling the mysteries of electrode-free Zn-MnO2 batteries with advanced in situ techniques in mild acid aqueous electrolytes<\/a>\u00a0\u00bb <strong>Journal of Power Sources<\/strong> <strong>2024<\/strong>; 625, 235585<\/p>\n\n\n\n<p><strong>P82)<\/strong> S Ye\u015filot, Y Solmaz, N K\u0131l\u0131\u00e7, B Unal, <strong>O Sel<\/strong>, R Demir\u2010Cakan \u00ab\u00a0<a href=\"https:\/\/chemistry-europe.onlinelibrary.wiley.com\/doi\/full\/10.1002\/celc.202400212\" target=\"_blank\" rel=\"noreferrer noopener\">Long\u2010Life Pillar [5] quinone Cathode for Aqueous Zinc\u2010Ion Batteries<\/a>\u00a0\u00bb <strong>ChemElectroChem 2024, <\/strong>11 (14), e202400212<\/p>\n\n\n\n<p><strong>P81)<\/strong> C Keller, G Barbillon, C Debiemme-Chouvy, <strong>O Sel<\/strong>, H Perrot \u00ab\u00a0<a href=\"https:\/\/www.sciencedirect.com\/science\/article\/abs\/pii\/S0008622324004652\" target=\"_blank\" rel=\"noreferrer noopener\">Hydrothermal vs. Electrochemical reduction of graphene oxide: A physico-chemical and quartz crystal microbalance study<\/a>\u00a0\u00bb <strong>Carbon 2024,<\/strong> 227, 119246<\/p>\n\n\n\n<p><strong>P80)<\/strong> B Unal, <strong>O Sel<\/strong>, R Demir-Cakan, \u00ab\u00a0<a href=\"https:\/\/link.springer.com\/article\/10.1007\/s10800-023-02029-0\" target=\"_blank\" rel=\"noreferrer noopener\">Current collectors corrosion behaviours and rechargeability of TiO<sub>2<\/sub>&nbsp;in Aqueous Electrolyte Aluminium-ion batteries<\/a>\u00a0\u00bb <strong>Journal of Applied Electrochemistry<\/strong>, 54 (6), 1425-1434<\/p>\n\n\n\n<p><strong>P79) <\/strong>S. Abouricha, H. Aziam, H. Noukrati, <strong><u>O. Sel<\/u><\/strong>, M. Lahcini*, H. B. Youcef* \u201c<a href=\"https:\/\/chemistry-europe.onlinelibrary.wiley.com\/doi\/full\/10.1002\/celc.202300648\" data-type=\"link\" data-id=\"https:\/\/chemistry-europe.onlinelibrary.wiley.com\/doi\/full\/10.1002\/celc.202300648\" target=\"_blank\" rel=\"noreferrer noopener\">Biopolymers-based Proton Exchange Membranes For Fuel Cell Applications : A Comprehensive Review<\/a>\u201d <strong><em>ChemElectroChem <\/em>2024<\/strong>, accepted.<\/p>\n\n\n\n<p><strong>P78) <\/strong>A Bouzina, R Meng, F Pillier, H Perrot, <strong>O Sel<\/strong>, C Debiemme\u2010Chouvy, \u00ab\u00a0<a href=\"https:\/\/chemistry-europe.onlinelibrary.wiley.com\/doi\/full\/10.1002\/batt.202300430\" target=\"_blank\" rel=\"noreferrer noopener\">Hydrothermal synthesis of a graphene\u2010based composite enabling the fabrication of a current collector\u2010free microsupercapacitor with improved energy storage performance<\/a>\u00a0\u00bb <strong>Batteries &amp; Supercaps 2024,<\/strong> 7 (3), e202300430<\/p>\n\n\n\n<p><strong>P77)<\/strong> A Bouzina, R Meng, F Pillier, H Perrot, C Debiemme-Chouvy, <strong>O Sel<\/strong>, \u00ab\u00a0<a href=\"https:\/\/scholar.google.com\/citations?view_op=view_citation&amp;hl=fr&amp;user=npVJv2wAAAAJ&amp;sortby=pubdate&amp;citation_for_view=npVJv2wAAAAJ:mvPsJ3kp5DgC\">Current collector-free symmetric \u03bc-supercapacitor based on a ternary composite of graphene, polydopamine and Co 3 O 4<\/a>\u00ab\u00a0, <strong>Journal of Materials Chemistry 2024<\/strong>, A 12 (28), 17688-17701<\/p>\n\n\n\n<p><\/p>\n","protected":false},"excerpt":{"rendered":"<p>P84) E Bendadesse, P Lemaire, P Travers, JM Tarascon, O Sel, \u00ab\u00a0Accurate Internal Monitoring of Batteries by Embedded Piezoelectric Sensors\u00a0\u00bb Small Methods 2024, 2400472 P83) A Singh, L Ouassi, K &#8230;<\/p>\n","protected":false},"author":1,"featured_media":0,"parent":0,"menu_order":0,"comment_status":"closed","ping_status":"closed","template":"","meta":{"footnotes":""},"class_list":["post-535","page","type-page","status-publish","hentry"],"_links":{"self":[{"href":"https:\/\/ozlemsel.com\/index.php\/wp-json\/wp\/v2\/pages\/535","targetHints":{"allow":["GET"]}}],"collection":[{"href":"https:\/\/ozlemsel.com\/index.php\/wp-json\/wp\/v2\/pages"}],"about":[{"href":"https:\/\/ozlemsel.com\/index.php\/wp-json\/wp\/v2\/types\/page"}],"author":[{"embeddable":true,"href":"https:\/\/ozlemsel.com\/index.php\/wp-json\/wp\/v2\/users\/1"}],"replies":[{"embeddable":true,"href":"https:\/\/ozlemsel.com\/index.php\/wp-json\/wp\/v2\/comments?post=535"}],"version-history":[{"count":15,"href":"https:\/\/ozlemsel.com\/index.php\/wp-json\/wp\/v2\/pages\/535\/revisions"}],"predecessor-version":[{"id":560,"href":"https:\/\/ozlemsel.com\/index.php\/wp-json\/wp\/v2\/pages\/535\/revisions\/560"}],"wp:attachment":[{"href":"https:\/\/ozlemsel.com\/index.php\/wp-json\/wp\/v2\/media?parent=535"}],"curies":[{"name":"wp","href":"https:\/\/api.w.org\/{rel}","templated":true}]}}