{"id":24,"date":"2021-12-08T19:28:17","date_gmt":"2021-12-08T18:28:17","guid":{"rendered":"http:\/\/ozlemsel.com\/?page_id=24"},"modified":"2026-01-05T20:56:08","modified_gmt":"2026-01-05T19:56:08","slug":"home","status":"publish","type":"page","link":"https:\/\/ozlemsel.com\/","title":{"rendered":""},"content":{"rendered":"\n<div class=\"wp-block-columns is-layout-flex wp-container-core-columns-is-layout-9d6595d7 wp-block-columns-is-layout-flex\">\n<div class=\"wp-block-column is-layout-flow wp-block-column-is-layout-flow\" style=\"flex-basis:33.33%\">\n<p><\/p>\n\n\n<div class=\"wp-block-image\">\n<figure class=\"aligncenter size-large\"><img loading=\"lazy\" decoding=\"async\" width=\"1000\" height=\"1024\" src=\"https:\/\/ozlemsel.com\/wp-content\/uploads\/2024\/01\/LES48693-1000x1024.jpg\" alt=\"\" class=\"wp-image-471\" srcset=\"https:\/\/ozlemsel.com\/wp-content\/uploads\/2024\/01\/LES48693-1000x1024.jpg 1000w, https:\/\/ozlemsel.com\/wp-content\/uploads\/2024\/01\/LES48693-293x300.jpg 293w, https:\/\/ozlemsel.com\/wp-content\/uploads\/2024\/01\/LES48693-768x786.jpg 768w, https:\/\/ozlemsel.com\/wp-content\/uploads\/2024\/01\/LES48693.jpg 1302w\" sizes=\"auto, (max-width: 1000px) 100vw, 1000px\" \/><\/figure>\n<\/div><\/div>\n\n\n\n<div class=\"wp-block-column is-layout-flow wp-block-column-is-layout-flow\" style=\"flex-basis:66.66%\">\n<h2 class=\"wp-block-heading\"><strong>\u00d6ZLEM SEL &#8211; Research Director at CNRS<\/strong><\/h2>\n\n\n\n<p class=\"has-text-align-left\">Ozlem Sel joined the \u00ab\u00a0<a href=\"http:\/\/www.cnrs.fr\" data-type=\"URL\" data-id=\"www.cnrs.fr\">Centre national de la recherche scientifique<\/a> (CNRS)\u00a0\u00bb as a principal investigator in 2011 and is currently working at the \u00ab\u00a0<a href=\"https:\/\/solid-state-chemistry-energy-lab.org\/\" data-type=\"link\" data-id=\"https:\/\/solid-state-chemistry-energy-lab.org\/\" target=\"_blank\" rel=\"noreferrer noopener\">Solid-State Chemistry and Energy Lab<\/a> (CSE)\u00a0\u00bb at Coll\u00e8ge de France, Paris. Her research interests include the use of piezoelectric sensors in conjunction with electrochemical analysis for real-time monitoring of the interfacial processes occurring in energy storage devices.<\/p>\n\n\n\n<p>She obtained her Ph.D. degree in materials chemistry at the Max Planck Institute of Colloids and Interfaces in Germany in 2007. Her Ph.D. research focused on the synthesis, characterization, and applications of hierarchically porous metal oxides under the supervision of Prof. Markus Antonietti. Following her Ph.D., she moved to France and joined the group of Prof. Clement Sanchez (LCMCP, Sorbonne University-UPMC) as a post-doctoral researcher from 2007 to 2009. During this time, she concentrated on nanostructured hybrid materials and their characterization for energy conversion devices.<\/p>\n\n\n\n<p>In the period from 2010 to 2011, she conducted research at UC-Davis in the group of Prof. Alexandra Navrotsky in the USA within the framework of the Energy Frontier Research Centers (EFRCs) program. Prior to joining the CSE lab at Coll\u00e8ge de France, she worked as a principal investigator at the \u00ab\u00a0Laboratory of Interfaces and Electrochemical Systems, CNRS-UMR8235\u00a0\u00bb and obtained her research habilitation at Sorbonne University, Paris.<\/p>\n\n\n\n<p>Over the years, she has developed expertise in nanostructured energy materials and electrochemistry, as well as operando methods for surface and interface characterization. She is particularly interested in Electrochemical Quartz Crystal Microbalance (EQCM) and its coupling with Electrochemical Impedance Spectroscopy (EIS), with more than 15 years of active involvement in this area of research.<\/p>\n<\/div>\n<\/div>\n\n\n\n<hr class=\"wp-block-separator has-alpha-channel-opacity\"\/>\n\n\n\n<div class=\"wp-block-columns is-layout-flex wp-container-core-columns-is-layout-9d6595d7 wp-block-columns-is-layout-flex\">\n<div class=\"wp-block-column is-layout-flow wp-block-column-is-layout-flow\" style=\"flex-basis:100%\">\n<style><\/style><div class=\"wplp_outside wplp_widget_652\" style=\"max-width:100%;\"><span class=\"wpcu_block_title\">News<\/span><div id=\"wplp_widget_652\" class=\"wplp_widget_default wplp_container vertical swiper wplp-swiper default cols3\" data-theme=\"default\" data-post=\"652\" style=\"\" data-max-elts=\"8\" data-per-page=\"10\"><div class=\"wplp_listposts swiper-wrapper\" id=\"default_652\" style=\"width: 100%;\" ><div class=\"swiper-slide\" style=\"\"><div class=\"insideframe\"><div id=\"wplp_box_top_652_729\" class=\"wpcu-front-box top equalHeightImg\" ><div class=\"wplp-box-item\"><a href=\"https:\/\/ozlemsel.com\/index.php\/2025\/02\/23\/seminaire-college-de-france\/\"  class=\"thumbnail\"><span class=\"img_cropper\" style=\"margin-right:4px;margin-bottom:4px;max-width:100%;\"><img decoding=\"async\" src=\"https:\/\/ozlemsel.com\/wp-content\/uploads\/2025\/02\/Capture-decran-2025-02-23-a-17.52.13.png\" style=\"aspect-ratio:1\/1;\" srcset=\"https:\/\/ozlemsel.com\/wp-content\/uploads\/2025\/02\/Capture-decran-2025-02-23-a-17.52.13.png 532w, https:\/\/ozlemsel.com\/wp-content\/uploads\/2025\/02\/Capture-decran-2025-02-23-a-17.52.13-249x300.png 249w\" alt=\"S\u00e9minaire au Coll\u00e8ge de France\" class=\"wplp_thumb\" \/><\/span><\/a><a href=\"https:\/\/ozlemsel.com\/index.php\/2025\/02\/23\/seminaire-college-de-france\/\"  class=\"title\">S\u00e9minaire au Coll\u00e8ge de France<\/a><\/div><\/div><div id=\"wplp_box_left_652_729\" class=\"wpcu-front-box left wpcu-custom-position\" ><div class=\"wplp-box-item\"><\/div><\/div><div id=\"wplp_box_right_652_729\" class=\"wpcu-front-box right wpcu-custom-position\" ><div class=\"wplp-box-item\"><\/div><\/div><div id=\"wplp_box_bottom_652_729\" class=\"wpcu-front-box bottom \" ><div class=\"wplp-box-item\"><span class=\"date\">23 f\u00e9vrier 2025<\/span><span class=\"text\"><span style=\"max-height:2.8em\" class=\"line_limit\">Microbalance \u00e0 Quartz \u00c9lectrochimique (EQCM) et AC-\u00c9lectrogravim\u00e9trie : \u00c0 la Rescousse des Interfaces \u00c9lectrochimiques\n\n\n\n\u00a0I&rsquo;m pleased to share the video of my recent invited seminar at Coll\u00e8ge de France on February 10, 2025:\n\n\n\nThis course has covered the basic principles of these tools and their application to the study of interface\/interphases in metal-ion batteries, highlighting their structure, distribution and mechanical properties. Also discussied recent analytical developments and their complementarity with other operando techniques to refine the study of interfacial phenomena and better understand their correlation with the performance of energy storage devices.<\/span><span style=\"margin-left:3px; max-height:2.8em\" class=\"line_limit\"> [...]<\/span><\/span><span class=\"custom_fields\">\n<!-- WPLP Unknown field: Custom_Fields -->\n<\/span><a href=\"https:\/\/ozlemsel.com\/index.php\/2025\/02\/23\/seminaire-college-de-france\/\"  class=\"read-more\">Lire la suite\u2026<\/a><\/div><\/div><\/div><\/div><div class=\"swiper-slide\" style=\"\"><div class=\"insideframe\"><div id=\"wplp_box_top_652_578\" class=\"wpcu-front-box top equalHeightImg\" ><div class=\"wplp-box-item\"><a href=\"https:\/\/ozlemsel.com\/index.php\/2024\/12\/18\/ceci-est-un-test\/\"  class=\"thumbnail\"><span class=\"img_cropper\" style=\"margin-right:4px;margin-bottom:4px;max-width:100%;\"><img decoding=\"async\" src=\"https:\/\/ozlemsel.com\/wp-content\/uploads\/2025\/01\/IMG_2121-rotated.jpg\" style=\"aspect-ratio:1\/1;\" srcset=\"https:\/\/ozlemsel.com\/wp-content\/uploads\/2025\/01\/IMG_2121-rotated.jpg 480w, https:\/\/ozlemsel.com\/wp-content\/uploads\/2025\/01\/IMG_2121-225x300.jpg 225w\" alt=\"Collaboration week at Uppsala University\" class=\"wplp_thumb\" \/><\/span><\/a><a href=\"https:\/\/ozlemsel.com\/index.php\/2024\/12\/18\/ceci-est-un-test\/\"  class=\"title\">Collaboration week at Uppsala University<\/a><\/div><\/div><div id=\"wplp_box_left_652_578\" class=\"wpcu-front-box left wpcu-custom-position\" ><div class=\"wplp-box-item\"><\/div><\/div><div id=\"wplp_box_right_652_578\" class=\"wpcu-front-box right wpcu-custom-position\" ><div class=\"wplp-box-item\"><\/div><\/div><div id=\"wplp_box_bottom_652_578\" class=\"wpcu-front-box bottom \" ><div class=\"wplp-box-item\"><span class=\"date\">18 d\u00e9cembre 2024<\/span><span class=\"text\"><span style=\"max-height:2.8em\" class=\"line_limit\">Collaboration week at Department of Chemistry &#8211; \u00c5ngstr\u00f6m Laboratory; Structural Chemistry, Uppsala University\n\n\n\n\n\n\n\n\n\n\n\n\n\n\n\nOperando EQCM-D tests on Na-ion battery cathodes in collaboration with Erik J. Berg&rsquo;s team in Uppsala. Thanks for hosting Samuel and me!<\/span><span style=\"margin-left:3px; max-height:2.8em\" class=\"line_limit\"> [...]<\/span><\/span><span class=\"custom_fields\">\n<!-- WPLP Unknown field: Custom_Fields -->\n<\/span><a href=\"https:\/\/ozlemsel.com\/index.php\/2024\/12\/18\/ceci-est-un-test\/\"  class=\"read-more\">Lire la suite\u2026<\/a><\/div><\/div><\/div><\/div><div class=\"swiper-slide\" style=\"\"><div class=\"insideframe\"><div id=\"wplp_box_top_652_615\" class=\"wpcu-front-box top equalHeightImg\" ><div class=\"wplp-box-item\"><a href=\"https:\/\/ozlemsel.com\/index.php\/2024\/09\/27\/new-2\/\"  class=\"thumbnail\"><span class=\"img_cropper\" style=\"margin-right:4px;margin-bottom:4px;max-width:100%;\"><img decoding=\"async\" src=\"https:\/\/ozlemsel.com\/wp-content\/uploads\/2025\/01\/9a50b788-0d3a-470a-ba73-6a626402611f.jpg\" style=\"aspect-ratio:1\/1;\" srcset=\"https:\/\/ozlemsel.com\/wp-content\/uploads\/2025\/01\/9a50b788-0d3a-470a-ba73-6a626402611f.jpg 640w, https:\/\/ozlemsel.com\/wp-content\/uploads\/2025\/01\/9a50b788-0d3a-470a-ba73-6a626402611f-300x225.jpg 300w\" alt=\"5th Sodium Battery Symposium in Berlin 2024\" class=\"wplp_thumb\" \/><\/span><\/a><a href=\"https:\/\/ozlemsel.com\/index.php\/2024\/09\/27\/new-2\/\"  class=\"title\">5th Sodium Battery Symposium in Berlin 2024<\/a><\/div><\/div><div id=\"wplp_box_left_652_615\" class=\"wpcu-front-box left wpcu-custom-position\" ><div class=\"wplp-box-item\"><\/div><\/div><div id=\"wplp_box_right_652_615\" class=\"wpcu-front-box right wpcu-custom-position\" ><div class=\"wplp-box-item\"><\/div><\/div><div id=\"wplp_box_bottom_652_615\" class=\"wpcu-front-box bottom \" ><div class=\"wplp-box-item\"><span class=\"date\">27 septembre 2024<\/span><span class=\"text\"><span style=\"max-height:2.8em\" class=\"line_limit\">I had a great time attending the 5th Sodium Battery Symposium in Berlin 2024 (SBS5)&nbsp;and had a chance to present our work entitled \u00a0\u00bb&nbsp;Scrutiny of Electrode\/Electrolyte Interfaces Through Integrated In situ Sensing Approaches: Insights for Na-ion Batteries\u00a0\u00bb\n\n\n\nA big\u00a0thank you\u00a0to Prof. Philipp Adelhelm and Dr Gustav Graeber for their kind invitation and all the organizers for putting together such an amazing event that attracted electrochemists worldwide.<\/span><span style=\"margin-left:3px; max-height:2.8em\" class=\"line_limit\"> [...]<\/span><\/span><span class=\"custom_fields\">\n<!-- WPLP Unknown field: Custom_Fields -->\n<\/span><a href=\"https:\/\/ozlemsel.com\/index.php\/2024\/09\/27\/new-2\/\"  class=\"read-more\">Lire la suite\u2026<\/a><\/div><\/div><\/div><\/div><div class=\"swiper-slide\" style=\"\"><div class=\"insideframe\"><div id=\"wplp_box_top_652_679\" class=\"wpcu-front-box top equalHeightImg\" ><div class=\"wplp-box-item\"><a href=\"https:\/\/ozlemsel.com\/index.php\/2024\/09\/20\/test3\/\"  class=\"thumbnail\"><span class=\"img_cropper\" style=\"margin-right:4px;margin-bottom:4px;max-width:100%;\"><img decoding=\"async\" src=\"https:\/\/ozlemsel.com\/wp-content\/uploads\/2024\/09\/Flyer-for-GA-Paris-CdF-V2-scaled.jpg\" style=\"aspect-ratio:1\/1;\" srcset=\"https:\/\/ozlemsel.com\/wp-content\/uploads\/2024\/09\/Flyer-for-GA-Paris-CdF-V2-scaled.jpg 2560w, https:\/\/ozlemsel.com\/wp-content\/uploads\/2024\/09\/Flyer-for-GA-Paris-CdF-V2-300x200.jpg 300w, https:\/\/ozlemsel.com\/wp-content\/uploads\/2024\/09\/Flyer-for-GA-Paris-CdF-V2-1024x683.jpg 1024w, https:\/\/ozlemsel.com\/wp-content\/uploads\/2024\/09\/Flyer-for-GA-Paris-CdF-V2-768x512.jpg 768w, https:\/\/ozlemsel.com\/wp-content\/uploads\/2024\/09\/Flyer-for-GA-Paris-CdF-V2-1536x1024.jpg 1536w, https:\/\/ozlemsel.com\/wp-content\/uploads\/2024\/09\/Flyer-for-GA-Paris-CdF-V2-2048x1365.jpg 2048w\" alt=\"General Assembly UltraBat 2024\" class=\"wplp_thumb\" \/><\/span><\/a><a href=\"https:\/\/ozlemsel.com\/index.php\/2024\/09\/20\/test3\/\"  class=\"title\">General Assembly UltraBat 2024<\/a><\/div><\/div><div id=\"wplp_box_left_652_679\" class=\"wpcu-front-box left wpcu-custom-position\" ><div class=\"wplp-box-item\"><\/div><\/div><div id=\"wplp_box_right_652_679\" class=\"wpcu-front-box right wpcu-custom-position\" ><div class=\"wplp-box-item\"><\/div><\/div><div id=\"wplp_box_bottom_652_679\" class=\"wpcu-front-box bottom \" ><div class=\"wplp-box-item\"><span class=\"date\">20 septembre 2024<\/span><span class=\"text\"><span style=\"max-height:2.8em\" class=\"line_limit\">Hosting UltraBat EU-RIA Project Meeting in CdF\n\n\n\nIt was a pleasure to host the UltraBat EU-RIA Project General Assembly at the Coll\u00e8ge de France in Paris and engage in insightful discussions on our progress through presentations from consortium partners.<\/span><span style=\"margin-left:3px; max-height:2.8em\" class=\"line_limit\"> [...]<\/span><\/span><span class=\"custom_fields\">\n<!-- WPLP Unknown field: Custom_Fields -->\n<\/span><a href=\"https:\/\/ozlemsel.com\/index.php\/2024\/09\/20\/test3\/\"  class=\"read-more\">Lire la suite\u2026<\/a><\/div><\/div><\/div><\/div><div class=\"swiper-slide\" style=\"\"><div class=\"insideframe\"><div id=\"wplp_box_top_652_658\" class=\"wpcu-front-box top equalHeightImg\" ><div class=\"wplp-box-item\"><a href=\"https:\/\/ozlemsel.com\/index.php\/2024\/09\/13\/test-2\/\"  class=\"thumbnail\"><span class=\"img_cropper\" style=\"margin-right:4px;margin-bottom:4px;max-width:100%;\"><img decoding=\"async\" src=\"https:\/\/ozlemsel.com\/wp-content\/uploads\/2024\/09\/IMG_1750-rotated.jpg\" style=\"aspect-ratio:1\/1;\" srcset=\"https:\/\/ozlemsel.com\/wp-content\/uploads\/2024\/09\/IMG_1750-rotated.jpg 480w, https:\/\/ozlemsel.com\/wp-content\/uploads\/2024\/09\/IMG_1750-225x300.jpg 225w\" alt=\"Electrochem 2024\u00a0Royal Society of Chemistry Conference\u00a0\" class=\"wplp_thumb\" \/><\/span><\/a><a href=\"https:\/\/ozlemsel.com\/index.php\/2024\/09\/13\/test-2\/\"  class=\"title\">Electrochem 2024\u00a0Royal Society of Chemistry Conference\u00a0<\/a><\/div><\/div><div id=\"wplp_box_left_652_658\" class=\"wpcu-front-box left wpcu-custom-position\" ><div class=\"wplp-box-item\"><\/div><\/div><div id=\"wplp_box_right_652_658\" class=\"wpcu-front-box right wpcu-custom-position\" ><div class=\"wplp-box-item\"><\/div><\/div><div id=\"wplp_box_bottom_652_658\" class=\"wpcu-front-box bottom \" ><div class=\"wplp-box-item\"><span class=\"date\">13 septembre 2024<\/span><span class=\"text\"><span style=\"max-height:2.8em\" class=\"line_limit\">It was a pleasure to attend the&nbsp;Electrochem 2024&nbsp;Royal Society of Chemistry Conference in September 2024. Many thanks to&nbsp;Dr. Ed Randviir&nbsp;and&nbsp;Dr. Yagya Regmi&nbsp;for their kind invitation.\n\n\n\nI was delighted to give a talk entitled&nbsp;\u00ab\u00a0Double Layer Structuring of Metal-ion Battery Electrodes Investigated by Advanced Electrogravimetry\u00a0\u00bb&nbsp;and to chair the&nbsp;\u00ab\u00a0Novel Techniques for Energy Applications\u00a0\u00bbsymposium.\n\n\n\nAdditionally,&nbsp;Zhenying Li&nbsp;delivered an oral presentation on her PhD thesis work on&nbsp;Na-ion battery cathodes and their charge storage mechanisms.<\/span><span style=\"margin-left:3px; max-height:2.8em\" class=\"line_limit\"> [...]<\/span><\/span><span class=\"custom_fields\">\n<!-- WPLP Unknown field: Custom_Fields -->\n<\/span><a href=\"https:\/\/ozlemsel.com\/index.php\/2024\/09\/13\/test-2\/\"  class=\"read-more\">Lire la suite\u2026<\/a><\/div><\/div><\/div><\/div><div class=\"swiper-slide\" style=\"\"><div class=\"insideframe\"><div id=\"wplp_box_top_652_711\" class=\"wpcu-front-box top equalHeightImg\" ><div class=\"wplp-box-item\"><a href=\"https:\/\/ozlemsel.com\/index.php\/2024\/07\/15\/doctoral-school-day-2024\/\"  class=\"thumbnail\"><span class=\"img_cropper\" style=\"margin-right:4px;margin-bottom:4px;max-width:100%;\"><img decoding=\"async\" src=\"https:\/\/ozlemsel.com\/wp-content\/uploads\/2024\/02\/1st-prize-oral-presentation-2024-Zhenying.jpg\" style=\"aspect-ratio:1\/1;\" srcset=\"https:\/\/ozlemsel.com\/wp-content\/uploads\/2024\/02\/1st-prize-oral-presentation-2024-Zhenying.jpg 842w, https:\/\/ozlemsel.com\/wp-content\/uploads\/2024\/02\/1st-prize-oral-presentation-2024-Zhenying-300x212.jpg 300w, https:\/\/ozlemsel.com\/wp-content\/uploads\/2024\/02\/1st-prize-oral-presentation-2024-Zhenying-768x543.jpg 768w\" alt=\"Doctoral School Day 2024\" class=\"wplp_thumb\" \/><\/span><\/a><a href=\"https:\/\/ozlemsel.com\/index.php\/2024\/07\/15\/doctoral-school-day-2024\/\"  class=\"title\">Doctoral School Day 2024<\/a><\/div><\/div><div id=\"wplp_box_left_652_711\" class=\"wpcu-front-box left wpcu-custom-position\" ><div class=\"wplp-box-item\"><\/div><\/div><div id=\"wplp_box_right_652_711\" class=\"wpcu-front-box right wpcu-custom-position\" ><div class=\"wplp-box-item\"><\/div><\/div><div id=\"wplp_box_bottom_652_711\" class=\"wpcu-front-box bottom \" ><div class=\"wplp-box-item\"><span class=\"date\">15 juillet 2024<\/span><span class=\"text\"><span style=\"max-height:2.8em\" class=\"line_limit\">Congratulations to Zhenying for winning the Best Oral Presentation Award at the ED388 Doctoral School Day 2024!<\/span><span style=\"margin-left:3px; max-height:2.8em\" class=\"line_limit\"> [...]<\/span><\/span><span class=\"custom_fields\">\n<!-- WPLP Unknown field: Custom_Fields -->\n<\/span><a href=\"https:\/\/ozlemsel.com\/index.php\/2024\/07\/15\/doctoral-school-day-2024\/\"  class=\"read-more\">Lire la suite\u2026<\/a><\/div><\/div><\/div><\/div><div class=\"swiper-slide\" style=\"\"><div class=\"insideframe\"><div id=\"wplp_box_top_652_699\" class=\"wpcu-front-box top equalHeightImg\" ><div class=\"wplp-box-item\"><a href=\"https:\/\/ozlemsel.com\/index.php\/2024\/04\/09\/acccellbat-general-assembly-2024\/\"  class=\"thumbnail\"><span class=\"img_cropper\" style=\"margin-right:4px;margin-bottom:4px;max-width:100%;\"><img decoding=\"async\" src=\"https:\/\/ozlemsel.com\/wp-content\/uploads\/2025\/01\/Image1.png\" style=\"aspect-ratio:1\/1;\" srcset=\"https:\/\/ozlemsel.com\/wp-content\/uploads\/2025\/01\/Image1.png 2690w, https:\/\/ozlemsel.com\/wp-content\/uploads\/2025\/01\/Image1-300x209.png 300w, https:\/\/ozlemsel.com\/wp-content\/uploads\/2025\/01\/Image1-1024x713.png 1024w, https:\/\/ozlemsel.com\/wp-content\/uploads\/2025\/01\/Image1-768x535.png 768w, https:\/\/ozlemsel.com\/wp-content\/uploads\/2025\/01\/Image1-1536x1069.png 1536w, https:\/\/ozlemsel.com\/wp-content\/uploads\/2025\/01\/Image1-2048x1426.png 2048w\" alt=\"AccCellBat General Assembly 2024\" class=\"wplp_thumb\" \/><\/span><\/a><a href=\"https:\/\/ozlemsel.com\/index.php\/2024\/04\/09\/acccellbat-general-assembly-2024\/\"  class=\"title\">AccCellBat General Assembly 2024<\/a><\/div><\/div><div id=\"wplp_box_left_652_699\" class=\"wpcu-front-box left wpcu-custom-position\" ><div class=\"wplp-box-item\"><\/div><\/div><div id=\"wplp_box_right_652_699\" class=\"wpcu-front-box right wpcu-custom-position\" ><div class=\"wplp-box-item\"><\/div><\/div><div id=\"wplp_box_bottom_652_699\" class=\"wpcu-front-box bottom \" ><div class=\"wplp-box-item\"><span class=\"date\">9 avril 2024<\/span><span class=\"text\"><span style=\"max-height:2.8em\" class=\"line_limit\">I had the pleasure of hosting the 2nd General assembly meeting of the\u00a0AccCellBaT\u00a0project, where we reflected on the progress made over the past year. It was a great opportunity to exchange technical insights, align our next steps, and reinforce collaborations within the consortium.<\/span><span style=\"margin-left:3px; max-height:2.8em\" class=\"line_limit\"> [...]<\/span><\/span><span class=\"custom_fields\">\n<!-- WPLP Unknown field: Custom_Fields -->\n<\/span><a href=\"https:\/\/ozlemsel.com\/index.php\/2024\/04\/09\/acccellbat-general-assembly-2024\/\"  class=\"read-more\">Lire la suite\u2026<\/a><\/div><\/div><\/div><\/div><div class=\"swiper-slide\" style=\"\"><div class=\"insideframe\"><div id=\"wplp_box_top_652_719\" class=\"wpcu-front-box top equalHeightImg\" ><div class=\"wplp-box-item\"><a href=\"https:\/\/ozlemsel.com\/index.php\/2023\/10\/16\/matsus-conference-torremolinos\/\"  class=\"thumbnail\"><span class=\"img_cropper\" style=\"margin-right:4px;margin-bottom:4px;max-width:100%;\"><img decoding=\"async\" src=\"https:\/\/ozlemsel.com\/wp-content\/uploads\/2025\/01\/4d11c494-369b-4c88-b9cb-b17b6e79a940.jpg\" style=\"aspect-ratio:1\/1;\" srcset=\"https:\/\/ozlemsel.com\/wp-content\/uploads\/2025\/01\/4d11c494-369b-4c88-b9cb-b17b6e79a940.jpg 640w, https:\/\/ozlemsel.com\/wp-content\/uploads\/2025\/01\/4d11c494-369b-4c88-b9cb-b17b6e79a940-300x225.jpg 300w\" alt=\"Matsus Conference Torremolinos\" class=\"wplp_thumb\" \/><\/span><\/a><a href=\"https:\/\/ozlemsel.com\/index.php\/2023\/10\/16\/matsus-conference-torremolinos\/\"  class=\"title\">Matsus Conference Torremolinos<\/a><\/div><\/div><div id=\"wplp_box_left_652_719\" class=\"wpcu-front-box left wpcu-custom-position\" ><div class=\"wplp-box-item\"><\/div><\/div><div id=\"wplp_box_right_652_719\" class=\"wpcu-front-box right wpcu-custom-position\" ><div class=\"wplp-box-item\"><\/div><\/div><div id=\"wplp_box_bottom_652_719\" class=\"wpcu-front-box bottom \" ><div class=\"wplp-box-item\"><span class=\"date\">16 octobre 2023<\/span><span class=\"text\"><span style=\"max-height:2.8em\" class=\"line_limit\">I am delighted to have presented our work at the&nbsp;Materials for Sustainable Development Conference (MATSUS23) Fall 2023, as part of the&nbsp;#EMERBAT &#8211; Emerging Battery Technologies Symposium&nbsp;(16-20 October, 2023, Torremolinos, Spain). It was a great opportunity for insightful discussions and fostering new collaborations in battery interface analysis.\n\n\n\nMany thanks to the symposium organizers:&#8211;\u00a0Philipp Adelhelm\u00a0(Humboldt University Berlin)&#8211; Maria Crespo\u00a0(Queen Mary University of London)&#8211;\u00a0Guiomar Hern\u00e1ndez\u00a0(Uppsala University)\n\n\n\nLooking forward to continuing these exchanges!<\/span><span style=\"margin-left:3px; max-height:2.8em\" class=\"line_limit\"> [...]<\/span><\/span><span class=\"custom_fields\">\n<!-- WPLP Unknown field: Custom_Fields -->\n<\/span><a href=\"https:\/\/ozlemsel.com\/index.php\/2023\/10\/16\/matsus-conference-torremolinos\/\"  class=\"read-more\">Lire la suite\u2026<\/a><\/div><\/div><\/div><\/div><\/div><div class=\"swiper-button-next\"><\/div><div class=\"swiper-button-prev\"><\/div><div class=\"swiper-pagination\"><\/div><\/div><\/div>\n<\/div>\n<\/div>\n\n\n\n<p><\/p>\n","protected":false},"excerpt":{"rendered":"<p>\u00d6ZLEM SEL &#8211; Research Director at CNRS Ozlem Sel joined the \u00ab\u00a0Centre national de la recherche scientifique (CNRS)\u00a0\u00bb as a principal investigator in 2011 and is currently working at the &#8230;<\/p>\n","protected":false},"author":1,"featured_media":0,"parent":0,"menu_order":0,"comment_status":"closed","ping_status":"closed","template":"","meta":{"footnotes":""},"class_list":["post-24","page","type-page","status-publish","hentry"],"_links":{"self":[{"href":"https:\/\/ozlemsel.com\/index.php\/wp-json\/wp\/v2\/pages\/24","targetHints":{"allow":["GET"]}}],"collection":[{"href":"https:\/\/ozlemsel.com\/index.php\/wp-json\/wp\/v2\/pages"}],"about":[{"href":"https:\/\/ozlemsel.com\/index.php\/wp-json\/wp\/v2\/types\/page"}],"author":[{"embeddable":true,"href":"https:\/\/ozlemsel.com\/index.php\/wp-json\/wp\/v2\/users\/1"}],"replies":[{"embeddable":true,"href":"https:\/\/ozlemsel.com\/index.php\/wp-json\/wp\/v2\/comments?post=24"}],"version-history":[{"count":52,"href":"https:\/\/ozlemsel.com\/index.php\/wp-json\/wp\/v2\/pages\/24\/revisions"}],"predecessor-version":[{"id":760,"href":"https:\/\/ozlemsel.com\/index.php\/wp-json\/wp\/v2\/pages\/24\/revisions\/760"}],"wp:attachment":[{"href":"https:\/\/ozlemsel.com\/index.php\/wp-json\/wp\/v2\/media?parent=24"}],"curies":[{"name":"wp","href":"https:\/\/api.w.org\/{rel}","templated":true}]}}