{"id":100,"date":"2023-11-07T16:43:34","date_gmt":"2023-11-07T15:43:34","guid":{"rendered":"https:\/\/ozlemsel.com\/?page_id=100"},"modified":"2024-12-01T15:23:07","modified_gmt":"2024-12-01T14:23:07","slug":"2023-2","status":"publish","type":"page","link":"https:\/\/ozlemsel.com\/index.php\/2023-2\/","title":{"rendered":"2023"},"content":{"rendered":"\n<p><\/p>\n\n\n\n<p><strong>P76) <\/strong>A. Bouzina, R. Meng, F. Pillier, H. Perrot, <strong><u><strong><u>O. Sel,*<\/u><\/strong><\/u> <\/strong>C. Debiemme-Chouvy* \u201cMicrosupercapacitor based on reduced graphene oxide-polydopamine composite synthesized by a hydrothermal route\u201d <strong><em>Batteries &amp; Supercaps<\/em>\u00a02023<\/strong>, e202300430.\u00a0<a href=\"https:\/\/doi.org\/10.1002\/batt.202300430\">https:\/\/doi.org\/10.1002\/batt.202300430<\/a><\/p>\n\n\n\n<p><strong>P75) <\/strong>K. Goloviznina, E. Bendadesse, <strong><strong><u>O. Sel<\/u><\/strong><\/strong>, J. M. Tarascon, M. Salanne* \u201cDisclosing the interfacial electrolyte structure at NaSICON electrode materials for Na-ion batteries: origins of desolvation phenomenon\u201d <strong><em>ACS Appl. Mater. Mater.<\/em> 2023<\/strong>, accepted.<\/p>\n\n\n\n<p class=\"has-text-align-left\"><strong>P74) <\/strong>F. Escobar-Teran,*, H. Perrot, <strong><u>O. Sel<\/u><\/strong> \u201cCarbon-based materials for energy storage devices: types and characterization techniques\u201d <strong><em>PhysChem. <\/em>2023<\/strong>, <em>3<\/em>(3), 355-384.<\/p>\n\n\n\n<p class=\"has-text-align-left\"><strong>P73)<\/strong> A. Bouzina, R. Meng, C. Bazin, H. Perrot, <strong><u>O. Sel,*<\/u><\/strong> C. Debiemme-Chouvy* \u201cHighly Ordered Graphene Polydopamine Composite Allowing Fast Motion of Cations: Toward a High-Performance Microsupercapacitor\u201d <strong><em>Adv. Mater. Interfaces<\/em><\/strong> <strong>2023<\/strong>, 13, 2300442. <\/p>\n\n\n\n<p class=\"has-text-align-left\"><strong>P72)<\/strong> E. Bendadesse, C. Gervilli\u00e9\u2010Mouravieff, C. Leau, K. Goloviznina, F. Rabuel, M. Salanne, J. M. Tarascon*, <strong><u>O. Sel*<\/u><\/strong> \u201cSpotting Interface Structuring during Na\u2010Insertion into the NaSICON Na<sub>3<\/sub>V<sub>2<\/sub>(PO<sub>4<\/sub>)<sub>3<\/sub> by EQCM and Operando Fiber Optic Infrared Spectroscopy\u201d <strong><em>Adv. Energy Mater.<\/em><\/strong> <strong>2023<\/strong>, 13, 2300930.<\/p>\n\n\n\n<p class=\"has-text-align-left\"><strong>P71)<\/strong> S. Sariyer, S. Ye\u015filot*, N. K\u0131l\u0131\u00e7, A. Ghosh, A. K\u0131l\u0131\u00e7,<strong> <strong><strong><u>O. Sel*<\/u><\/strong><\/strong> <\/strong>and Rezan Demir-Cakan*<strong> \u201c<\/strong>Polyphosphazene Based Inorganic-Organic Hybrid Cathode Containing Pyrene Tetraone Sides for Aqueous Zinc-Ion Batteries\u201d <strong><em>Batter. Supercaps<\/em><\/strong>. <strong>2023<\/strong>, 6 (4), e202200529.<\/p>\n\n\n\n<p class=\"has-text-align-left\"><strong>P70) <\/strong>N. K\u0131l\u0131\u00e7, S. Ye\u015filot*, S. Sariyer, A. Ghosh, A. K\u0131l\u0131\u00e7,<strong> <u>O. Sel*<\/u> <\/strong>and Rezan Demir-Cakan*\u201cA Small Inorganic-Organic Hybrid Molecule Based on Anthraquinone Decorated Cyclophosphazene as Cathode for Aqueous Electrolyte Zinc-Ion Batteries\u201d <strong><em>Mater. Today Energy <\/em>2023<\/strong>, 33, 2300930.<strong><\/strong><\/p>\n\n\n\n<p class=\"has-text-align-left\"><\/p>\n","protected":false},"excerpt":{"rendered":"<p>P76) A. Bouzina, R. Meng, F. Pillier, H. Perrot, O. Sel,* C. Debiemme-Chouvy* \u201cMicrosupercapacitor based on reduced graphene oxide-polydopamine composite synthesized by a hydrothermal route\u201d Batteries &amp; Supercaps\u00a02023, e202300430.\u00a0https:\/\/doi.org\/10.1002\/batt.202300430 P75) &#8230;<\/p>\n","protected":false},"author":2,"featured_media":0,"parent":0,"menu_order":0,"comment_status":"closed","ping_status":"closed","template":"","meta":{"footnotes":""},"class_list":["post-100","page","type-page","status-publish","hentry"],"_links":{"self":[{"href":"https:\/\/ozlemsel.com\/index.php\/wp-json\/wp\/v2\/pages\/100","targetHints":{"allow":["GET"]}}],"collection":[{"href":"https:\/\/ozlemsel.com\/index.php\/wp-json\/wp\/v2\/pages"}],"about":[{"href":"https:\/\/ozlemsel.com\/index.php\/wp-json\/wp\/v2\/types\/page"}],"author":[{"embeddable":true,"href":"https:\/\/ozlemsel.com\/index.php\/wp-json\/wp\/v2\/users\/2"}],"replies":[{"embeddable":true,"href":"https:\/\/ozlemsel.com\/index.php\/wp-json\/wp\/v2\/comments?post=100"}],"version-history":[{"count":6,"href":"https:\/\/ozlemsel.com\/index.php\/wp-json\/wp\/v2\/pages\/100\/revisions"}],"predecessor-version":[{"id":553,"href":"https:\/\/ozlemsel.com\/index.php\/wp-json\/wp\/v2\/pages\/100\/revisions\/553"}],"wp:attachment":[{"href":"https:\/\/ozlemsel.com\/index.php\/wp-json\/wp\/v2\/media?parent=100"}],"curies":[{"name":"wp","href":"https:\/\/api.w.org\/{rel}","templated":true}]}}